{"id":1657,"date":"2016-08-10T08:52:10","date_gmt":"2016-08-10T08:52:10","guid":{"rendered":"https:\/\/www.jeromeadam.com\/contact\/"},"modified":"2018-04-24T14:19:23","modified_gmt":"2018-04-24T14:19:23","slug":"contact","status":"publish","type":"page","link":"https:\/\/www.jeromeadam.com\/en\/contact\/","title":{"rendered":"Contact"},"content":{"rendered":"<p><div class=\"fusion-fullwidth fullwidth-box fusion-builder-row-1 hundred-percent-fullwidth non-hundred-percent-height-scrolling fusion-equal-height-columns\" style=\"--awb-background-position:left top;--awb-border-radius-top-left:0px;--awb-border-radius-top-right:0px;--awb-border-radius-bottom-right:0px;--awb-border-radius-bottom-left:0px;--awb-padding-top:0px;--awb-padding-right:0px;--awb-padding-bottom:0px;--awb-padding-left:0px;--awb-border-sizes-top:0px;--awb-border-sizes-bottom:0px;--awb-flex-wrap:wrap;\" ><div class=\"fusion-builder-row fusion-row\"><div class=\"fusion-layout-column fusion_builder_column fusion-builder-column-0 fusion_builder_column_2_3 2_3 fusion-two-third fusion-column-first\" style=\"--awb-padding-top:100px;--awb-padding-right:10%;--awb-padding-bottom:100px;--awb-padding-left:10%;--awb-bg-color:#f5f5f5;--awb-bg-color-hover:#f5f5f5;--awb-bg-size:cover;--awb-margin-bottom:0px;\"><div class=\"fusion-column-wrapper fusion-flex-column-wrapper-legacy\"><div class=\"fusion-column-content-centered\"><div class=\"fusion-column-content\"><div class=\"fusion-text fusion-text-1\"><h2 style=\"text-align: left;\">CONTACT<\/h2>\n<\/div><div class=\"fusion-sep-clear\"><\/div><div class=\"fusion-separator fusion-clearfix\" style=\"float:left;margin-top:0px;margin-bottom:40px;width:100%;max-width:200px;\"><div class=\"fusion-separator-border sep-single sep-solid\" style=\"--awb-height:20px;--awb-amount:20px;--awb-sep-color:#264e9e;border-color:#264e9e;border-top-width:3px;\"><\/div><\/div><div class=\"fusion-sep-clear\"><\/div><div class=\"fusion-text fusion-text-2\"><p>To contact J\u00e9r\u00f4me Adam, please fill the form below:<\/p>\n<\/div><div class=\"fusion-sep-clear\"><\/div><div class=\"fusion-separator fusion-full-width-sep\" style=\"margin-left: auto;margin-right: auto;margin-top:20px;width:100%;\"><\/div><div class=\"fusion-sep-clear\"><\/div>\n<div class=\"wpcf7 no-js\" id=\"wpcf7-f1658-o1\" lang=\"fr-FR\" dir=\"ltr\" data-wpcf7-id=\"1658\">\n<div class=\"screen-reader-response\"><p role=\"status\" aria-live=\"polite\" aria-atomic=\"true\"><\/p> <ul><\/ul><\/div>\n<form action=\"\/en\/wp-json\/wp\/v2\/pages\/1657#wpcf7-f1658-o1\" method=\"post\" class=\"wpcf7-form init\" aria-label=\"Formulaire de contact\" novalidate=\"novalidate\" data-status=\"init\">\n<fieldset class=\"hidden-fields-container\"><input type=\"hidden\" name=\"_wpcf7\" value=\"1658\" \/><input type=\"hidden\" name=\"_wpcf7_version\" value=\"6.1.5\" \/><input type=\"hidden\" name=\"_wpcf7_locale\" value=\"fr_FR\" \/><input type=\"hidden\" name=\"_wpcf7_unit_tag\" value=\"wpcf7-f1658-o1\" \/><input type=\"hidden\" name=\"_wpcf7_container_post\" value=\"0\" \/><input type=\"hidden\" name=\"_wpcf7_posted_data_hash\" value=\"\" \/><input type=\"hidden\" name=\"_wpcf7_recaptcha_response\" value=\"\" \/>\n<\/fieldset>\n<p><label> Name and First Name: *<br \/>\n<span class=\"wpcf7-form-control-wrap\" data-name=\"your-name\"><input size=\"40\" maxlength=\"400\" class=\"wpcf7-form-control wpcf7-text wpcf7-validates-as-required\" aria-required=\"true\" aria-invalid=\"false\" value=\"\" type=\"text\" name=\"your-name\" \/><\/span> <\/label>\n<\/p>\n<p><label> E-mail: *<br \/>\n<span class=\"wpcf7-form-control-wrap\" data-name=\"your-email\"><input size=\"40\" maxlength=\"400\" class=\"wpcf7-form-control wpcf7-email wpcf7-validates-as-required wpcf7-text wpcf7-validates-as-email\" aria-required=\"true\" aria-invalid=\"false\" value=\"\" type=\"email\" name=\"your-email\" \/><\/span> <\/label>\n<\/p>\n<p><label> Subject:<br \/>\n<span class=\"wpcf7-form-control-wrap\" data-name=\"your-subject\"><input size=\"40\" maxlength=\"400\" class=\"wpcf7-form-control wpcf7-text\" aria-invalid=\"false\" value=\"\" type=\"text\" name=\"your-subject\" \/><\/span> <\/label>\n<\/p>\n<p><label> Message :<br \/>\n<span class=\"wpcf7-form-control-wrap\" data-name=\"your-message\"><textarea cols=\"40\" rows=\"10\" maxlength=\"2000\" class=\"wpcf7-form-control wpcf7-textarea\" aria-invalid=\"false\" name=\"your-message\"><\/textarea><\/span> <\/label>\n<\/p>\n<p><input class=\"wpcf7-form-control wpcf7-submit has-spinner\" type=\"submit\" value=\"Send it\" \/>\n<\/p><div class=\"fusion-alert alert custom alert-custom fusion-alert-center wpcf7-response-output awb-alert-native-link-color alert-dismissable awb-alert-close-boxed\" style=\"--awb-border-top-left-radius:0px;--awb-border-top-right-radius:0px;--awb-border-bottom-left-radius:0px;--awb-border-bottom-right-radius:0px;\" role=\"alert\"><div class=\"fusion-alert-content-wrapper\"><span class=\"fusion-alert-content\"><\/span><\/div><button type=\"button\" class=\"close toggle-alert\" data-dismiss=\"alert\" aria-label=\"Close\">&times;<\/button><\/div>\n<\/form>\n<\/div>\n<\/div><\/div><div class=\"fusion-clearfix\"><\/div><\/div><\/div><div class=\"fusion-layout-column fusion_builder_column fusion-builder-column-1 fusion_builder_column_1_3 1_3 fusion-one-third fusion-column-last\" style=\"--awb-padding-top:125px;--awb-padding-right:10%;--awb-padding-bottom:125px;--awb-padding-left:10%;--awb-bg-color:#264e9e;--awb-bg-color-hover:#264e9e;--awb-bg-size:cover;--awb-margin-bottom:0px;\"><div class=\"fusion-column-wrapper fusion-flex-column-wrapper-legacy\"><div class=\"fusion-column-content-centered\"><div class=\"fusion-column-content\"><div class=\"fusion-fa-align-center\"><i class=\"fb-icon-element-1 fb-icon-element fontawesome-icon fa fa-phone circle-no\" style=\"--awb-font-size:55px;\"><\/i><\/div><div class=\"fusion-sep-clear\"><\/div><div class=\"fusion-separator fusion-full-width-sep\" style=\"margin-left: auto;margin-right: auto;margin-top:20px;width:100%;\"><\/div><div class=\"fusion-sep-clear\"><\/div><div class=\"fusion-text fusion-text-3\"><h3 style=\"text-align: center;\"><span style=\"color: #ffffff;\">Phone<\/span><br \/>\n<span style=\"color: #ffffff;\"><a style=\"color: #ffffff;\" href=\"tel:+33951049449\">+33 (0)951 04 94 49<\/a><\/span><\/h3>\n<\/div><\/div><\/div><div class=\"fusion-clearfix\"><\/div><\/div><\/div><\/div><\/div><div class=\"fusion-fullwidth fullwidth-box fusion-builder-row-2 fusion-parallax-none hundred-percent-fullwidth non-hundred-percent-height-scrolling fusion-equal-height-columns\" style=\"--awb-background-position:center top;--awb-background-repeat:repeat-x;--awb-border-radius-top-left:0px;--awb-border-radius-top-right:0px;--awb-border-radius-bottom-right:0px;--awb-border-radius-bottom-left:0px;--awb-padding-top:10px;--awb-padding-right:0px;--awb-padding-bottom:0px;--awb-padding-left:0px;--awb-background-image:url(&quot;https:\/\/www.jeromeadam.com\/wp-content\/uploads\/2018\/02\/separator.jpg&quot;);--awb-border-sizes-top:0px;--awb-border-sizes-bottom:0px;--awb-flex-wrap:wrap;\" ><div class=\"fusion-builder-row fusion-row\"><\/div><\/div><\/p>\n","protected":false},"excerpt":{"rendered":"","protected":false},"author":3,"featured_media":0,"parent":0,"menu_order":0,"comment_status":"closed","ping_status":"closed","template":"100-width.php","meta":{"footnotes":""},"class_list":["post-1657","page","type-page","status-publish","hentry"],"yoast_head":"<!-- This site is optimized with the Yoast SEO plugin v27.2 - https:\/\/yoast.com\/product\/yoast-seo-wordpress\/ -->\n<title>Contact - J\u00e9r\u00f4me Adam - Speaker Entrepreneur<\/title>\n<meta name=\"description\" content=\"Contact J\u00e9r\u00f4me Adam Speaker and Entrepreneur\" \/>\n<meta name=\"robots\" content=\"index, follow, max-snippet:-1, max-image-preview:large, max-video-preview:-1\" \/>\n<link rel=\"canonical\" href=\"https:\/\/www.jeromeadam.com\/en\/contact\/\" \/>\n<meta property=\"og:locale\" content=\"en_US\" \/>\n<meta property=\"og:type\" content=\"article\" \/>\n<meta property=\"og:title\" content=\"Contact - J\u00e9r\u00f4me Adam - Speaker Entrepreneur\" \/>\n<meta property=\"og:description\" content=\"Contact J\u00e9r\u00f4me Adam Speaker and Entrepreneur\" \/>\n<meta property=\"og:url\" content=\"https:\/\/www.jeromeadam.com\/en\/contact\/\" \/>\n<meta property=\"og:site_name\" content=\"J\u00e9r\u00f4me Adam - Conf\u00e9rencier Entrepreneur\" \/>\n<meta property=\"article:publisher\" content=\"https:\/\/www.facebook.com\/jeromeAdamFanPage\" \/>\n<meta property=\"article:modified_time\" content=\"2018-04-24T14:19:23+00:00\" \/>\n<meta property=\"og:image\" content=\"https:\/\/www.jeromeadam.com\/wp-content\/uploads\/2017\/02\/contact-jerome-adam.jpg\" \/>\n\t<meta property=\"og:image:width\" content=\"1920\" \/>\n\t<meta property=\"og:image:height\" content=\"700\" \/>\n\t<meta property=\"og:image:type\" content=\"image\/jpeg\" \/>\n<meta name=\"twitter:card\" content=\"summary_large_image\" \/>\n<meta name=\"twitter:site\" content=\"@thejeromeadam\" \/>\n<meta name=\"twitter:label1\" content=\"Est. reading time\" \/>\n\t<meta name=\"twitter:data1\" content=\"2 minutes\" \/>\n<script type=\"application\/ld+json\" class=\"yoast-schema-graph\">{\"@context\":\"https:\/\/schema.org\",\"@graph\":[{\"@type\":\"WebPage\",\"@id\":\"https:\/\/www.jeromeadam.com\/en\/contact\/\",\"url\":\"https:\/\/www.jeromeadam.com\/en\/contact\/\",\"name\":\"Contact - J\u00e9r\u00f4me Adam - Speaker Entrepreneur\",\"isPartOf\":{\"@id\":\"https:\/\/www.jeromeadam.com\/en\/#website\"},\"datePublished\":\"2016-08-10T08:52:10+00:00\",\"dateModified\":\"2018-04-24T14:19:23+00:00\",\"description\":\"Contact J\u00e9r\u00f4me Adam Speaker and Entrepreneur\",\"breadcrumb\":{\"@id\":\"https:\/\/www.jeromeadam.com\/en\/contact\/#breadcrumb\"},\"inLanguage\":\"en-US\",\"potentialAction\":[{\"@type\":\"ReadAction\",\"target\":[\"https:\/\/www.jeromeadam.com\/en\/contact\/\"]}]},{\"@type\":\"BreadcrumbList\",\"@id\":\"https:\/\/www.jeromeadam.com\/en\/contact\/#breadcrumb\",\"itemListElement\":[{\"@type\":\"ListItem\",\"position\":1,\"name\":\"Accueil\",\"item\":\"https:\/\/www.jeromeadam.com\/en\/\"},{\"@type\":\"ListItem\",\"position\":2,\"name\":\"Contact\"}]},{\"@type\":\"WebSite\",\"@id\":\"https:\/\/www.jeromeadam.com\/en\/#website\",\"url\":\"https:\/\/www.jeromeadam.com\/en\/\",\"name\":\"J\u00e9r\u00f4me Adam - Conf\u00e9rencier Entrepreneur\",\"description\":\"\",\"publisher\":{\"@id\":\"https:\/\/www.jeromeadam.com\/en\/#organization\"},\"potentialAction\":[{\"@type\":\"SearchAction\",\"target\":{\"@type\":\"EntryPoint\",\"urlTemplate\":\"https:\/\/www.jeromeadam.com\/en\/?s={search_term_string}\"},\"query-input\":{\"@type\":\"PropertyValueSpecification\",\"valueRequired\":true,\"valueName\":\"search_term_string\"}}],\"inLanguage\":\"en-US\"},{\"@type\":\"Organization\",\"@id\":\"https:\/\/www.jeromeadam.com\/en\/#organization\",\"name\":\"J\u00e9r\u00f4me Adam\",\"url\":\"https:\/\/www.jeromeadam.com\/en\/\",\"logo\":{\"@type\":\"ImageObject\",\"inLanguage\":\"en-US\",\"@id\":\"https:\/\/www.jeromeadam.com\/en\/#\/schema\/logo\/image\/\",\"url\":\"https:\/\/www.jeromeadam.com\/wp-content\/uploads\/2018\/02\/logo-jerome-adam-horizontal-43.png\",\"contentUrl\":\"https:\/\/www.jeromeadam.com\/wp-content\/uploads\/2018\/02\/logo-jerome-adam-horizontal-43.png\",\"width\":210,\"height\":43,\"caption\":\"J\u00e9r\u00f4me Adam\"},\"image\":{\"@id\":\"https:\/\/www.jeromeadam.com\/en\/#\/schema\/logo\/image\/\"},\"sameAs\":[\"https:\/\/www.facebook.com\/jeromeAdamFanPage\",\"https:\/\/x.com\/thejeromeadam\",\"http:\/\/fr.linkedin.com\/in\/thejeromeadam\"]}]}<\/script>\n<!-- \/ Yoast SEO plugin. -->","yoast_head_json":{"title":"Contact - J\u00e9r\u00f4me Adam - Speaker Entrepreneur","description":"Contact J\u00e9r\u00f4me Adam Speaker and Entrepreneur","robots":{"index":"index","follow":"follow","max-snippet":"max-snippet:-1","max-image-preview":"max-image-preview:large","max-video-preview":"max-video-preview:-1"},"canonical":"https:\/\/www.jeromeadam.com\/en\/contact\/","og_locale":"en_US","og_type":"article","og_title":"Contact - J\u00e9r\u00f4me Adam - Speaker Entrepreneur","og_description":"Contact J\u00e9r\u00f4me Adam Speaker and Entrepreneur","og_url":"https:\/\/www.jeromeadam.com\/en\/contact\/","og_site_name":"J\u00e9r\u00f4me Adam - Conf\u00e9rencier Entrepreneur","article_publisher":"https:\/\/www.facebook.com\/jeromeAdamFanPage","article_modified_time":"2018-04-24T14:19:23+00:00","og_image":[{"width":1920,"height":700,"url":"https:\/\/www.jeromeadam.com\/wp-content\/uploads\/2017\/02\/contact-jerome-adam.jpg","type":"image\/jpeg"}],"twitter_card":"summary_large_image","twitter_site":"@thejeromeadam","twitter_misc":{"Est. reading time":"2 minutes"},"schema":{"@context":"https:\/\/schema.org","@graph":[{"@type":"WebPage","@id":"https:\/\/www.jeromeadam.com\/en\/contact\/","url":"https:\/\/www.jeromeadam.com\/en\/contact\/","name":"Contact - J\u00e9r\u00f4me Adam - Speaker Entrepreneur","isPartOf":{"@id":"https:\/\/www.jeromeadam.com\/en\/#website"},"datePublished":"2016-08-10T08:52:10+00:00","dateModified":"2018-04-24T14:19:23+00:00","description":"Contact J\u00e9r\u00f4me Adam Speaker and Entrepreneur","breadcrumb":{"@id":"https:\/\/www.jeromeadam.com\/en\/contact\/#breadcrumb"},"inLanguage":"en-US","potentialAction":[{"@type":"ReadAction","target":["https:\/\/www.jeromeadam.com\/en\/contact\/"]}]},{"@type":"BreadcrumbList","@id":"https:\/\/www.jeromeadam.com\/en\/contact\/#breadcrumb","itemListElement":[{"@type":"ListItem","position":1,"name":"Accueil","item":"https:\/\/www.jeromeadam.com\/en\/"},{"@type":"ListItem","position":2,"name":"Contact"}]},{"@type":"WebSite","@id":"https:\/\/www.jeromeadam.com\/en\/#website","url":"https:\/\/www.jeromeadam.com\/en\/","name":"J\u00e9r\u00f4me Adam - Conf\u00e9rencier Entrepreneur","description":"","publisher":{"@id":"https:\/\/www.jeromeadam.com\/en\/#organization"},"potentialAction":[{"@type":"SearchAction","target":{"@type":"EntryPoint","urlTemplate":"https:\/\/www.jeromeadam.com\/en\/?s={search_term_string}"},"query-input":{"@type":"PropertyValueSpecification","valueRequired":true,"valueName":"search_term_string"}}],"inLanguage":"en-US"},{"@type":"Organization","@id":"https:\/\/www.jeromeadam.com\/en\/#organization","name":"J\u00e9r\u00f4me Adam","url":"https:\/\/www.jeromeadam.com\/en\/","logo":{"@type":"ImageObject","inLanguage":"en-US","@id":"https:\/\/www.jeromeadam.com\/en\/#\/schema\/logo\/image\/","url":"https:\/\/www.jeromeadam.com\/wp-content\/uploads\/2018\/02\/logo-jerome-adam-horizontal-43.png","contentUrl":"https:\/\/www.jeromeadam.com\/wp-content\/uploads\/2018\/02\/logo-jerome-adam-horizontal-43.png","width":210,"height":43,"caption":"J\u00e9r\u00f4me Adam"},"image":{"@id":"https:\/\/www.jeromeadam.com\/en\/#\/schema\/logo\/image\/"},"sameAs":["https:\/\/www.facebook.com\/jeromeAdamFanPage","https:\/\/x.com\/thejeromeadam","http:\/\/fr.linkedin.com\/in\/thejeromeadam"]}]}},"_links":{"self":[{"href":"https:\/\/www.jeromeadam.com\/en\/wp-json\/wp\/v2\/pages\/1657","targetHints":{"allow":["GET"]}}],"collection":[{"href":"https:\/\/www.jeromeadam.com\/en\/wp-json\/wp\/v2\/pages"}],"about":[{"href":"https:\/\/www.jeromeadam.com\/en\/wp-json\/wp\/v2\/types\/page"}],"author":[{"embeddable":true,"href":"https:\/\/www.jeromeadam.com\/en\/wp-json\/wp\/v2\/users\/3"}],"replies":[{"embeddable":true,"href":"https:\/\/www.jeromeadam.com\/en\/wp-json\/wp\/v2\/comments?post=1657"}],"version-history":[{"count":2,"href":"https:\/\/www.jeromeadam.com\/en\/wp-json\/wp\/v2\/pages\/1657\/revisions"}],"predecessor-version":[{"id":1680,"href":"https:\/\/www.jeromeadam.com\/en\/wp-json\/wp\/v2\/pages\/1657\/revisions\/1680"}],"wp:attachment":[{"href":"https:\/\/www.jeromeadam.com\/en\/wp-json\/wp\/v2\/media?parent=1657"}],"curies":[{"name":"wp","href":"https:\/\/api.w.org\/{rel}","templated":true}]}}